{"id":1797,"date":"2018-09-07T15:33:30","date_gmt":"2018-09-07T13:33:30","guid":{"rendered":"https:\/\/hotel29.it\/?page_id=1797"},"modified":"2018-09-07T15:34:24","modified_gmt":"2018-09-07T13:34:24","slug":"reviews","status":"publish","type":"page","link":"https:\/\/hotel29.it\/en\/reviews\/","title":{"rendered":"Reviews"},"content":{"rendered":"<p>[vc_row full_width=&#8221;stretch_row&#8221; css=&#8221;.vc_custom_1504192255954{margin-top: 70px !important;padding-bottom: 0px !important;}&#8221;][vc_column]<div style=\"background-color:; height: 30px;\" class=\"nicdark_section  \"><\/div> <h6 style=\"color:#878787; padding:px; text-align:center; font-size:12px; line-height:12px; letter-spacing: 2px; font-weight:lighter;\" class=\"   nd_options_second_font \">REVIEWS<\/h6> <div style=\"background-color:; height: 10px;\" class=\"nicdark_section  \"><\/div>\n    <div class=\"nd_options_section nd_options_line_height_0  nd_options_text_align_center \">\n        <span style=\"height:1px; width:30px; background-color:#878787;\" class=\"nd_options_display_inline_block\"><\/span>\n    <\/div>\n   <div style=\"background-color:; height: 30px;\" class=\"nicdark_section  \"><\/div> <h1 style=\"color:#1c1c1c; padding:px; text-align:center; font-size:55px; line-height:px; letter-spacing: px; font-weight:normal;\" class=\"  nd_options_font_size_40_important_all_iphone nd_options_line_height_40_important_all_iphone nd_options_first_font \">TripAdvisor<\/h1> <div style=\"background-color:; height: 35px;\" class=\"nicdark_section  \"><\/div>[vc_column_text]<div class=\"wprev-no-slider\" id=\"wprev-slider-3\"><style>#wprev-slider-3 .wprev_preview_bradius_T1 {border-radius: 0px;}#wprev-slider-3 .wprev_preview_bg1_T1 {background:;}#wprev-slider-3 .wprev_preview_bg2_T1 {background:;}#wprev-slider-3 .wprev_preview_tcolor1_T1 {color:;}#wprev-slider-3 .wprev_preview_tcolor2_T1 {color:;}#wprev-slider-3 .wprev_preview_bg1_T1::after{ border-top: 30px solid ; }<\/style><style><\/style>\t\t<div class=\"wptripadvisor_t1_outer_div w3_wprs-row-padding\">\r\n\t\t\t\t<div class=\"wptripadvisor_t1_DIV_1 w3_wprs-col l4\">\r\n\t\t\t<div class=\"wptripadvisor_t1_DIV_2 wprev_preview_bg1_T1 wprev_preview_bradius_T1\">\r\n\t\t\t\t<p class=\"wptripadvisor_t1_P_3 wprev_preview_tcolor1_T1\">\r\n\t\t\t\t\t<span class=\"wptripadvisor_star_imgs_T1\"><img src=\"https:\/\/hotel29.it\/wp-content\/plugins\/wp-tripadvisor-review-slider\/public\/partials\/imgs\/tripadvisor_stars_4.png\" alt=\"star rating\" class=\"wptripadvisor_t1_star_img_file\">&nbsp;&nbsp;<\/span><span class=\"wprevrevtitle\">Soggiorno molto piacevole<\/span>&nbsp;-&nbsp;Check in velocissimo, posizione ottima a pochi metri dalla stazione Genova P. Principe e a una decina di minuti a piedi dal porto antico e dalla via Garibaldi. La mia<a class='wprs_rd_more'>... read more<\/a><span class='wprs_rd_more_text' style='display:none;'> stanza era spaziosa e pulita, con tutto il necessario; era dotata anche di aria condizionata e televisore. Sul tavolo ho trovato bollitore, qualche bustina di t\u00e8 e un biscotto, disponibili gratuitamente. Bagno piccolino, ma funzionale. Intorno alla zona dell'hotel ci sono diversi locali in cui cenare\/prendersi un caff\u00e8 e una focacceria\/gastronomia proprio di fianco alla hall. Se dovessi tornare a Genova lo sceglierei di nuovo senza dubbio!<\/span>\t\t\t\t<\/p>\r\n\t\t\t\t<a href=\"https:\/\/www.tripadvisor.it\/Hotel_Review-g187823-d14032750-Reviews-Hotel_Twenty_Nine-Genoa_Italian_Riviera_Liguria.html\" target=\"_blank\" rel=\"nofollow\"><img src=\"https:\/\/hotel29.it\/wp-content\/plugins\/wp-tripadvisor-review-slider\/public\/partials\/imgs\/tripadvisor_outline.png\" alt=\"tripadvisor logo\" class=\"wptripadvisor_t1_tripadvisor_logo\"><\/a>\t\t\t<\/div><span class=\"wptripadvisor_t1_A_8\"><\/span> <span class=\"wptripadvisor_t1_SPAN_5 wprev_preview_tcolor2_T1\">Kiwi_IT5<br\/><span class=\"wprev_showdate_T1\">14 September 2020<\/span> <\/span>\r\n\t\t<\/div>\r\n\t\t\t<div class=\"wptripadvisor_t1_DIV_1 w3_wprs-col l4\">\r\n\t\t\t<div class=\"wptripadvisor_t1_DIV_2 wprev_preview_bg1_T1 wprev_preview_bradius_T1\">\r\n\t\t\t\t<p class=\"wptripadvisor_t1_P_3 wprev_preview_tcolor1_T1\">\r\n\t\t\t\t\t<span class=\"wptripadvisor_star_imgs_T1\"><img src=\"https:\/\/hotel29.it\/wp-content\/plugins\/wp-tripadvisor-review-slider\/public\/partials\/imgs\/tripadvisor_stars_4.png\" alt=\"star rating\" class=\"wptripadvisor_t1_star_img_file\">&nbsp;&nbsp;<\/span><span class=\"wprevrevtitle\">A Genova<\/span>&nbsp;-&nbsp;Booking lo definisce un 2 stelle ma ne vale almeno 4.Camera spaziosa ,ordinata, pulita dotata di frigo e cassaforte e ariacondizionata.Servizio alla reception cortese e professionale.Rapporto qualit\u00e0 prezzo eccellente.Tv di<a class='wprs_rd_more'>... read more<\/a><span class='wprs_rd_more_text' style='display:none;'> dimensioni generose e ben collocata.Facile parcheggio gratuito per coloro che arrivano in moto o scooter.<\/span>\t\t\t\t<\/p>\r\n\t\t\t\t<a href=\"https:\/\/www.tripadvisor.it\/Hotel_Review-g187823-d14032750-Reviews-Hotel_Twenty_Nine-Genoa_Italian_Riviera_Liguria.html\" target=\"_blank\" rel=\"nofollow\"><img src=\"https:\/\/hotel29.it\/wp-content\/plugins\/wp-tripadvisor-review-slider\/public\/partials\/imgs\/tripadvisor_outline.png\" alt=\"tripadvisor logo\" class=\"wptripadvisor_t1_tripadvisor_logo\"><\/a>\t\t\t<\/div><span class=\"wptripadvisor_t1_A_8\"><\/span> <span class=\"wptripadvisor_t1_SPAN_5 wprev_preview_tcolor2_T1\">doctordrea<br\/><span class=\"wprev_showdate_T1\">21 August 2021<\/span> <\/span>\r\n\t\t<\/div>\r\n\t\t\t<div class=\"wptripadvisor_t1_DIV_1 w3_wprs-col l4\">\r\n\t\t\t<div class=\"wptripadvisor_t1_DIV_2 wprev_preview_bg1_T1 wprev_preview_bradius_T1\">\r\n\t\t\t\t<p class=\"wptripadvisor_t1_P_3 wprev_preview_tcolor1_T1\">\r\n\t\t\t\t\t<span class=\"wptripadvisor_star_imgs_T1\"><img src=\"https:\/\/hotel29.it\/wp-content\/plugins\/wp-tripadvisor-review-slider\/public\/partials\/imgs\/tripadvisor_stars_2.png\" alt=\"star rating\" class=\"wptripadvisor_t1_star_img_file\">&nbsp;&nbsp;<\/span><span class=\"wprevrevtitle\">Non lo consiglierei visti i prezzi<\/span>&nbsp;-&nbsp;Letto piccolo e duro, cuscino sottile. Doccia piccola, di difficile e pericoloso accesso (aggrapparsi al rubinetto o altro per non scivolare nel tentativo di entrare). Porta della doccia appena sufficiente<a class='wprs_rd_more'>... read more<\/a><span class='wprs_rd_more_text' style='display:none;'> per entrare. No wifi.  Euro 80 per 9 mq senza colazione che in ogni caso sarebbe stata servita dopo le 7 in un ambientino letteralmente  spartano sono troppi. Si consideri il rumore notturno continuo simile ad un elettrodomestico in funzione. Grazie. Molto meglio gli alberghi da 27 euro tutto compreso incontrati sul Cammino di Santiago. Ma l\u00ec siamo in Spagna.<\/span>\t\t\t\t<\/p>\r\n\t\t\t\t<a href=\"https:\/\/www.tripadvisor.it\/Hotel_Review-g187823-d14032750-Reviews-Hotel_Twenty_Nine-Genoa_Italian_Riviera_Liguria.html\" target=\"_blank\" rel=\"nofollow\"><img src=\"https:\/\/hotel29.it\/wp-content\/plugins\/wp-tripadvisor-review-slider\/public\/partials\/imgs\/tripadvisor_outline.png\" alt=\"tripadvisor logo\" class=\"wptripadvisor_t1_tripadvisor_logo\"><\/a>\t\t\t<\/div><span class=\"wptripadvisor_t1_A_8\"><\/span> <span class=\"wptripadvisor_t1_SPAN_5 wprev_preview_tcolor2_T1\">V5836TV<br\/><span class=\"wprev_showdate_T1\">15 October 2022<\/span> <\/span>\r\n\t\t<\/div>\r\n\t\t<\/div>\r\n\t\t<div class=\"wptripadvisor_t1_outer_div w3_wprs-row-padding\">\r\n\t\t\t\t<div class=\"wptripadvisor_t1_DIV_1 w3_wprs-col l4\">\r\n\t\t\t<div class=\"wptripadvisor_t1_DIV_2 wprev_preview_bg1_T1 wprev_preview_bradius_T1\">\r\n\t\t\t\t<p class=\"wptripadvisor_t1_P_3 wprev_preview_tcolor1_T1\">\r\n\t\t\t\t\t<span class=\"wptripadvisor_star_imgs_T1\"><img src=\"https:\/\/hotel29.it\/wp-content\/plugins\/wp-tripadvisor-review-slider\/public\/partials\/imgs\/tripadvisor_stars_5.png\" alt=\"star rating\" class=\"wptripadvisor_t1_star_img_file\">&nbsp;&nbsp;<\/span><span class=\"wprevrevtitle\">Ottima soluzione<\/span>&nbsp;-&nbsp;Siamo stati solo una notte di passaggio a Genova ma ci siamo trovati pi\u00f9 che bene. Posizione comoda e camere molto confortevoli. Ottima soluzione l'apertura del portone solo con codice.<a class='wprs_rd_more'>... read more<\/a><span class='wprs_rd_more_text' style='display:none;'> Ci torneremo per visitare meglio la citt\u00e0.<\/span>\t\t\t\t<\/p>\r\n\t\t\t\t<a href=\"https:\/\/www.tripadvisor.it\/Hotel_Review-g187823-d14032750-Reviews-Hotel_Twenty_Nine-Genoa_Italian_Riviera_Liguria.html\" target=\"_blank\" rel=\"nofollow\"><img src=\"https:\/\/hotel29.it\/wp-content\/plugins\/wp-tripadvisor-review-slider\/public\/partials\/imgs\/tripadvisor_outline.png\" alt=\"tripadvisor logo\" class=\"wptripadvisor_t1_tripadvisor_logo\"><\/a>\t\t\t<\/div><span class=\"wptripadvisor_t1_A_8\"><\/span> <span class=\"wptripadvisor_t1_SPAN_5 wprev_preview_tcolor2_T1\">Mary84Laura<br\/><span class=\"wprev_showdate_T1\">27 August 2018<\/span> <\/span>\r\n\t\t<\/div>\r\n\t\t\t<div class=\"wptripadvisor_t1_DIV_1 w3_wprs-col l4\">\r\n\t\t\t<div class=\"wptripadvisor_t1_DIV_2 wprev_preview_bg1_T1 wprev_preview_bradius_T1\">\r\n\t\t\t\t<p class=\"wptripadvisor_t1_P_3 wprev_preview_tcolor1_T1\">\r\n\t\t\t\t\t<span class=\"wptripadvisor_star_imgs_T1\"><img src=\"https:\/\/hotel29.it\/wp-content\/plugins\/wp-tripadvisor-review-slider\/public\/partials\/imgs\/tripadvisor_stars_4.png\" alt=\"star rating\" class=\"wptripadvisor_t1_star_img_file\">&nbsp;&nbsp;<\/span><span class=\"wprevrevtitle\">Ottimo rapporto qualit\u00e0 prezzo<\/span>&nbsp;-&nbsp;Abbiamo soggiornato in questo hotel per 3 notti durante le nostre ferie a Genova. L\u2019hotel si trova in una zona centrale molto comoda, a 2 passi dalla stazione di piazza<a class='wprs_rd_more'>... read more<\/a><span class='wprs_rd_more_text' style='display:none;'> Principe e da qui \u00e8 possibile raggiungere facilmente a piedi tutte le principali attrazioni della citt\u00e0. Il check-in \u00e8 stato molto veloce e si fa dalla reception dell\u2019hotel nuovo nord (probabilmente appartengono alla stessa catena). L\u2019hotel si trova al secondo piano di un vecchio palazzo e si pu\u00f2 raggiungere tramite un vecchio ascensore o tramite scale. La camera \u00e8 abbastanza spaziosa e il letto abbastanza comodo, dispone anche di un mini bar, una cassaforte, un bollitore e una tv schermo piatto. La camera al dire il vero non ci \u00e8 sembrata essere stata pulita nel migliore dei modi in quanto c\u2019era qualche briciola per terra per\u00f2 il mattino dopo, alla prima pulizia della camera, era stato tutto risolto. Il bagno \u00e8 davvero minuscolo, non c\u2019\u00e8 il bidet, la porta non si poteva chiudere in quanto era bloccata e alla base era completamente rovinata cos\u00ec come il cornicione e si faceva fatica a muoversi nel bagno (in due non ci si poteva stare) e anche la doccia \u00e8 davvero minuscola tanto che facevo fatica a fare una doccia come si deve. Per terra per fortuna c\u2019era il parquet anzich\u00e9 la moquette per\u00f2 quando si camminava per la stanza sia la porta di ingresso che l\u2019armadio facevano rumore ed era abbastanza fastidioso. Dopo il check out, ci hanno permesso di lasciare le valigie in custodia gratuitamente e ci hanno permesso di utilizzare una stanza al primo piano per poter stare tranquilli in attesa che ci venissero a prendere per andare in aeroporto. Considerando la posizione dell\u2019hotel e l\u2019ottimo rapporto qualit\u00e0 prezzo, lo terr\u00f2 sicuramente in considerazione per un futuro ritorno in citt\u00e0.<\/span>\t\t\t\t<\/p>\r\n\t\t\t\t<a href=\"https:\/\/www.tripadvisor.it\/Hotel_Review-g187823-d14032750-Reviews-Hotel_Twenty_Nine-Genoa_Italian_Riviera_Liguria.html\" target=\"_blank\" rel=\"nofollow\"><img src=\"https:\/\/hotel29.it\/wp-content\/plugins\/wp-tripadvisor-review-slider\/public\/partials\/imgs\/tripadvisor_outline.png\" alt=\"tripadvisor logo\" class=\"wptripadvisor_t1_tripadvisor_logo\"><\/a>\t\t\t<\/div><span class=\"wptripadvisor_t1_A_8\"><\/span> <span class=\"wptripadvisor_t1_SPAN_5 wprev_preview_tcolor2_T1\">ubares95<br\/><span class=\"wprev_showdate_T1\">17 August 2020<\/span> <\/span>\r\n\t\t<\/div>\r\n\t\t\t<div class=\"wptripadvisor_t1_DIV_1 w3_wprs-col l4\">\r\n\t\t\t<div class=\"wptripadvisor_t1_DIV_2 wprev_preview_bg1_T1 wprev_preview_bradius_T1\">\r\n\t\t\t\t<p class=\"wptripadvisor_t1_P_3 wprev_preview_tcolor1_T1\">\r\n\t\t\t\t\t<span class=\"wptripadvisor_star_imgs_T1\"><img src=\"https:\/\/hotel29.it\/wp-content\/plugins\/wp-tripadvisor-review-slider\/public\/partials\/imgs\/tripadvisor_stars_5.png\" alt=\"star rating\" class=\"wptripadvisor_t1_star_img_file\">&nbsp;&nbsp;<\/span><span class=\"wprevrevtitle\">Breve soggiorno<\/span>&nbsp;-&nbsp;Particolarmente gentili e disponibili alla reception. La stanza molto pulita ha tutto quello che ci si aspetta da un hotel di questa categoria. La colazione semplice ma completa si consuma<a class='wprs_rd_more'>... read more<\/a><span class='wprs_rd_more_text' style='display:none;'> in un ambiente molto bello. Rapporto qualit\u00e0 \/ prezzo al top<\/span>\t\t\t\t<\/p>\r\n\t\t\t\t<a href=\"https:\/\/www.tripadvisor.it\/Hotel_Review-g187823-d14032750-Reviews-Hotel_Twenty_Nine-Genoa_Italian_Riviera_Liguria.html\" target=\"_blank\" rel=\"nofollow\"><img src=\"https:\/\/hotel29.it\/wp-content\/plugins\/wp-tripadvisor-review-slider\/public\/partials\/imgs\/tripadvisor_outline.png\" alt=\"tripadvisor logo\" class=\"wptripadvisor_t1_tripadvisor_logo\"><\/a>\t\t\t<\/div><span class=\"wptripadvisor_t1_A_8\"><\/span> <span class=\"wptripadvisor_t1_SPAN_5 wprev_preview_tcolor2_T1\">Francesco  S<br\/><span class=\"wprev_showdate_T1\">16 December 2018<\/span> <\/span>\r\n\t\t<\/div>\r\n\t\t<\/div>\r\n\t\t<div class=\"wptripadvisor_t1_outer_div w3_wprs-row-padding\">\r\n\t\t\t\t<div class=\"wptripadvisor_t1_DIV_1 w3_wprs-col l4\">\r\n\t\t\t<div class=\"wptripadvisor_t1_DIV_2 wprev_preview_bg1_T1 wprev_preview_bradius_T1\">\r\n\t\t\t\t<p class=\"wptripadvisor_t1_P_3 wprev_preview_tcolor1_T1\">\r\n\t\t\t\t\t<span class=\"wptripadvisor_star_imgs_T1\"><img src=\"https:\/\/hotel29.it\/wp-content\/plugins\/wp-tripadvisor-review-slider\/public\/partials\/imgs\/tripadvisor_stars_4.png\" alt=\"star rating\" class=\"wptripadvisor_t1_star_img_file\">&nbsp;&nbsp;<\/span><span class=\"wprevrevtitle\">Buona sistemazione per un weekend<\/span>&nbsp;-&nbsp;Sono stata in questo hotel per una notte con il mio ragazzo,la posizione \u00e8 ottima a pochi passi dal centro si gira tutto con estrema facilit\u00e0. Personale molto gentile e<a class='wprs_rd_more'>... read more<\/a><span class='wprs_rd_more_text' style='display:none;'> disponibile!<br \/>\r\nLa camera \u00e8 molto carina per essere un due stelle. il bagno \u00e8 molto piccolo e privo di finestra e bidet ma c'\u00e8 una piccola doccetta appena sopra il wc per lavarsi facilmente. La doccia \u00e8 spaziosa e comoda. Ovviamente ci sono delle piccole imperfezioni ma per passare una o due notti va pi\u00f9 che bene. Buona la colazione per 5 euro conviene farla in hotel!<br \/>\r\nAvendo trovato il mio cuscino un po basso,aggiungerei due cuscini nella camera da letto.<br \/>\r\nA mio avviso \u00e8 un po caro ma vedo che rientra pienamente negli standard dei prezzi di Genova.<\/span>\t\t\t\t<\/p>\r\n\t\t\t\t<a href=\"https:\/\/www.tripadvisor.it\/Hotel_Review-g187823-d14032750-Reviews-Hotel_Twenty_Nine-Genoa_Italian_Riviera_Liguria.html\" target=\"_blank\" rel=\"nofollow\"><img src=\"https:\/\/hotel29.it\/wp-content\/plugins\/wp-tripadvisor-review-slider\/public\/partials\/imgs\/tripadvisor_outline.png\" alt=\"tripadvisor logo\" class=\"wptripadvisor_t1_tripadvisor_logo\"><\/a>\t\t\t<\/div><span class=\"wptripadvisor_t1_A_8\"><\/span> <span class=\"wptripadvisor_t1_SPAN_5 wprev_preview_tcolor2_T1\">Federica L<br\/><span class=\"wprev_showdate_T1\">22 August 2018<\/span> <\/span>\r\n\t\t<\/div>\r\n\t\t\t<div class=\"wptripadvisor_t1_DIV_1 w3_wprs-col l4\">\r\n\t\t\t<div class=\"wptripadvisor_t1_DIV_2 wprev_preview_bg1_T1 wprev_preview_bradius_T1\">\r\n\t\t\t\t<p class=\"wptripadvisor_t1_P_3 wprev_preview_tcolor1_T1\">\r\n\t\t\t\t\t<span class=\"wptripadvisor_star_imgs_T1\"><img src=\"https:\/\/hotel29.it\/wp-content\/plugins\/wp-tripadvisor-review-slider\/public\/partials\/imgs\/tripadvisor_stars_5.png\" alt=\"star rating\" class=\"wptripadvisor_t1_star_img_file\">&nbsp;&nbsp;<\/span><span class=\"wprevrevtitle\">Molto disponibili e gentili, luogo accogliente e caldo in inverno.<\/span>&nbsp;-&nbsp;Sono arrivato a mezzanotte perch\u00e8 il mio volo era in tarda sera, sono stati molto gentili, mi \u00e8 bastato avvisare prima. La stanza era accogliente, molto carino far trovare dei<a class='wprs_rd_more'>... read more<\/a><span class='wprs_rd_more_text' style='display:none;'> cioccolatini sul letto come benvenuto, ho trovato molto piacevole il fatto che fosse pulita e anche calda al mio arrivo. Se passassi da genova ritornerei li anche per le ottime tariffe.<\/span>\t\t\t\t<\/p>\r\n\t\t\t\t<a href=\"https:\/\/www.tripadvisor.it\/Hotel_Review-g187823-d14032750-Reviews-Hotel_Twenty_Nine-Genoa_Italian_Riviera_Liguria.html\" target=\"_blank\" rel=\"nofollow\"><img src=\"https:\/\/hotel29.it\/wp-content\/plugins\/wp-tripadvisor-review-slider\/public\/partials\/imgs\/tripadvisor_outline.png\" alt=\"tripadvisor logo\" class=\"wptripadvisor_t1_tripadvisor_logo\"><\/a>\t\t\t<\/div><span class=\"wptripadvisor_t1_A_8\"><\/span> <span class=\"wptripadvisor_t1_SPAN_5 wprev_preview_tcolor2_T1\">nicox86<br\/><span class=\"wprev_showdate_T1\">15 December 2018<\/span> <\/span>\r\n\t\t<\/div>\r\n\t\t\t<div class=\"wptripadvisor_t1_DIV_1 w3_wprs-col l4\">\r\n\t\t\t<div class=\"wptripadvisor_t1_DIV_2 wprev_preview_bg1_T1 wprev_preview_bradius_T1\">\r\n\t\t\t\t<p class=\"wptripadvisor_t1_P_3 wprev_preview_tcolor1_T1\">\r\n\t\t\t\t\t<span class=\"wptripadvisor_star_imgs_T1\"><img src=\"https:\/\/hotel29.it\/wp-content\/plugins\/wp-tripadvisor-review-slider\/public\/partials\/imgs\/tripadvisor_stars_4.png\" alt=\"star rating\" class=\"wptripadvisor_t1_star_img_file\">&nbsp;&nbsp;<\/span><span class=\"wprevrevtitle\">Tre giorni a genova<\/span>&nbsp;-&nbsp;Abbiamo dormito tre notti in questo albergo.ottima sistemazione,vicino alla stazione, al centro e al porto.la camera pulitissima con cambio biancheria tutti i giorni,chiavi a disposizione per rientrare a tutte le<a class='wprs_rd_more'>... read more<\/a><span class='wprs_rd_more_text' style='display:none;'> ore e prezzo non esagerato. Consigliato<\/span>\t\t\t\t<\/p>\r\n\t\t\t\t<a href=\"https:\/\/www.tripadvisor.it\/Hotel_Review-g187823-d14032750-Reviews-Hotel_Twenty_Nine-Genoa_Italian_Riviera_Liguria.html\" target=\"_blank\" rel=\"nofollow\"><img src=\"https:\/\/hotel29.it\/wp-content\/plugins\/wp-tripadvisor-review-slider\/public\/partials\/imgs\/tripadvisor_outline.png\" alt=\"tripadvisor logo\" class=\"wptripadvisor_t1_tripadvisor_logo\"><\/a>\t\t\t<\/div><span class=\"wptripadvisor_t1_A_8\"><\/span> <span class=\"wptripadvisor_t1_SPAN_5 wprev_preview_tcolor2_T1\">pe50<br\/><span class=\"wprev_showdate_T1\">22 August 2018<\/span> <\/span>\r\n\t\t<\/div>\r\n\t\t<\/div>\r\n<!-- This file should primarily consist of HTML with a little bit of PHP. -->\r\n<\/div>\r\n[\/vc_column_text][\/vc_column][\/vc_row]<\/p>\n","protected":false},"excerpt":{"rendered":"<p>[vc_row full_width=&#8221;stretch_row&#8221; css=&#8221;.vc_custom_1504192255954{margin-top: 70px !important;padding-bottom: 0px !important;}&#8221;][vc_column][vc_column_text][\/vc_column_text][\/vc_column][\/vc_row]<\/p>\n","protected":false},"author":1,"featured_media":0,"parent":0,"menu_order":0,"comment_status":"closed","ping_status":"closed","template":"","meta":[],"yoast_head":"<!-- This site is optimized with the Yoast SEO plugin v20.11 - https:\/\/yoast.com\/wordpress\/plugins\/seo\/ -->\n<title>Reviews - Hotel Twentynine<\/title>\n<meta name=\"robots\" content=\"index, follow, max-snippet:-1, max-image-preview:large, max-video-preview:-1\" \/>\n<link rel=\"canonical\" href=\"https:\/\/hotel29.it\/en\/reviews\/\" \/>\n<meta property=\"og:locale\" content=\"en_US\" \/>\n<meta property=\"og:type\" content=\"article\" \/>\n<meta property=\"og:title\" content=\"Reviews - Hotel Twentynine\" \/>\n<meta property=\"og:description\" content=\"[vc_row full_width=&#8221;stretch_row&#8221; css=&#8221;.vc_custom_1504192255954{margin-top: 70px !important;padding-bottom: 0px !important;}&#8221;][vc_column][vc_column_text][\/vc_column_text][\/vc_column][\/vc_row]\" \/>\n<meta property=\"og:url\" content=\"https:\/\/hotel29.it\/en\/reviews\/\" \/>\n<meta property=\"og:site_name\" content=\"Hotel Twentynine\" \/>\n<meta property=\"article:modified_time\" content=\"2018-09-07T13:34:24+00:00\" \/>\n<meta name=\"twitter:card\" content=\"summary_large_image\" \/>\n<meta name=\"twitter:label1\" content=\"Est. reading time\" \/>\n\t<meta name=\"twitter:data1\" content=\"1 minute\" \/>\n<script type=\"application\/ld+json\" class=\"yoast-schema-graph\">{\"@context\":\"https:\/\/schema.org\",\"@graph\":[{\"@type\":\"WebPage\",\"@id\":\"https:\/\/hotel29.it\/en\/reviews\/\",\"url\":\"https:\/\/hotel29.it\/en\/reviews\/\",\"name\":\"Reviews - Hotel Twentynine\",\"isPartOf\":{\"@id\":\"https:\/\/hotel29.it\/#website\"},\"datePublished\":\"2018-09-07T13:33:30+00:00\",\"dateModified\":\"2018-09-07T13:34:24+00:00\",\"breadcrumb\":{\"@id\":\"https:\/\/hotel29.it\/en\/reviews\/#breadcrumb\"},\"inLanguage\":\"en-US\",\"potentialAction\":[{\"@type\":\"ReadAction\",\"target\":[\"https:\/\/hotel29.it\/en\/reviews\/\"]}]},{\"@type\":\"BreadcrumbList\",\"@id\":\"https:\/\/hotel29.it\/en\/reviews\/#breadcrumb\",\"itemListElement\":[{\"@type\":\"ListItem\",\"position\":1,\"name\":\"Home\",\"item\":\"https:\/\/hotel29.it\/en\/\"},{\"@type\":\"ListItem\",\"position\":2,\"name\":\"Reviews\"}]},{\"@type\":\"WebSite\",\"@id\":\"https:\/\/hotel29.it\/#website\",\"url\":\"https:\/\/hotel29.it\/\",\"name\":\"Hotel Twentynine\",\"description\":\"Comodit\u00e0 nel centro di Genova Hotel Twentynine\",\"potentialAction\":[{\"@type\":\"SearchAction\",\"target\":{\"@type\":\"EntryPoint\",\"urlTemplate\":\"https:\/\/hotel29.it\/?s={search_term_string}\"},\"query-input\":\"required name=search_term_string\"}],\"inLanguage\":\"en-US\"}]}<\/script>\n<!-- \/ Yoast SEO plugin. -->","yoast_head_json":{"title":"Reviews - Hotel Twentynine","robots":{"index":"index","follow":"follow","max-snippet":"max-snippet:-1","max-image-preview":"max-image-preview:large","max-video-preview":"max-video-preview:-1"},"canonical":"https:\/\/hotel29.it\/en\/reviews\/","og_locale":"en_US","og_type":"article","og_title":"Reviews - Hotel Twentynine","og_description":"[vc_row full_width=&#8221;stretch_row&#8221; css=&#8221;.vc_custom_1504192255954{margin-top: 70px !important;padding-bottom: 0px !important;}&#8221;][vc_column][vc_column_text][\/vc_column_text][\/vc_column][\/vc_row]","og_url":"https:\/\/hotel29.it\/en\/reviews\/","og_site_name":"Hotel Twentynine","article_modified_time":"2018-09-07T13:34:24+00:00","twitter_card":"summary_large_image","twitter_misc":{"Est. reading time":"1 minute"},"schema":{"@context":"https:\/\/schema.org","@graph":[{"@type":"WebPage","@id":"https:\/\/hotel29.it\/en\/reviews\/","url":"https:\/\/hotel29.it\/en\/reviews\/","name":"Reviews - Hotel Twentynine","isPartOf":{"@id":"https:\/\/hotel29.it\/#website"},"datePublished":"2018-09-07T13:33:30+00:00","dateModified":"2018-09-07T13:34:24+00:00","breadcrumb":{"@id":"https:\/\/hotel29.it\/en\/reviews\/#breadcrumb"},"inLanguage":"en-US","potentialAction":[{"@type":"ReadAction","target":["https:\/\/hotel29.it\/en\/reviews\/"]}]},{"@type":"BreadcrumbList","@id":"https:\/\/hotel29.it\/en\/reviews\/#breadcrumb","itemListElement":[{"@type":"ListItem","position":1,"name":"Home","item":"https:\/\/hotel29.it\/en\/"},{"@type":"ListItem","position":2,"name":"Reviews"}]},{"@type":"WebSite","@id":"https:\/\/hotel29.it\/#website","url":"https:\/\/hotel29.it\/","name":"Hotel Twentynine","description":"Comodit\u00e0 nel centro di Genova Hotel Twentynine","potentialAction":[{"@type":"SearchAction","target":{"@type":"EntryPoint","urlTemplate":"https:\/\/hotel29.it\/?s={search_term_string}"},"query-input":"required name=search_term_string"}],"inLanguage":"en-US"}]}},"_links":{"self":[{"href":"https:\/\/hotel29.it\/en\/wp-json\/wp\/v2\/pages\/1797"}],"collection":[{"href":"https:\/\/hotel29.it\/en\/wp-json\/wp\/v2\/pages"}],"about":[{"href":"https:\/\/hotel29.it\/en\/wp-json\/wp\/v2\/types\/page"}],"author":[{"embeddable":true,"href":"https:\/\/hotel29.it\/en\/wp-json\/wp\/v2\/users\/1"}],"replies":[{"embeddable":true,"href":"https:\/\/hotel29.it\/en\/wp-json\/wp\/v2\/comments?post=1797"}],"version-history":[{"count":2,"href":"https:\/\/hotel29.it\/en\/wp-json\/wp\/v2\/pages\/1797\/revisions"}],"predecessor-version":[{"id":1800,"href":"https:\/\/hotel29.it\/en\/wp-json\/wp\/v2\/pages\/1797\/revisions\/1800"}],"wp:attachment":[{"href":"https:\/\/hotel29.it\/en\/wp-json\/wp\/v2\/media?parent=1797"}],"curies":[{"name":"wp","href":"https:\/\/api.w.org\/{rel}","templated":true}]}}